{"id":7,"date":"2019-09-05T08:43:50","date_gmt":"2019-09-05T08:43:50","guid":{"rendered":"https:\/\/cms-demo.weserve-wp-demo.ch\/?page_id=7"},"modified":"2025-10-15T23:39:10","modified_gmt":"2025-10-15T23:39:10","slug":"case-study","status":"publish","type":"page","link":"https:\/\/cms-demo.weserve-wp-demo.ch\/en\/portfolio\/case-study\/","title":{"rendered":"V-Bahn Grindelwald"},"content":{"rendered":"<h1>V-Bahn, Grindelwald<\/h1>\n<div>Lorem ipsum dolor sit amet, consetetur sadipscing elitr, sed diam nonumy eirmod tempor invidunt ut labore et dolore magna aliquyam erat, sed diam voluptua.<\/div>\n<h2>Das Projekt<\/h2>\n<div>\n<p><span>Die BauSpektrum AG ist zusammen mit der Firma von Allmen Architekten AG als Generalplaner mit der Planung der baulichen Elemente des Projekts beauftragt. Wir erstellen: \u00dcbersicht und Streckenpl\u00e4ne f\u00fcr die Gondelbahn M\u00e4nnlichen und die 3-S Bahn auf den Eigergletscher, Stationspl\u00e4ne f\u00fcr Mittel- und Bergstation M\u00e4nnlichenbahn, Plangenehmigungsverfahren f\u00fcr die Stationen Rothenegg und Eigergletscher, Projektplanung f\u00fcr Skipistenkorrektionen, statische Vordimensionierung.<\/span><\/p>\n<\/div>\n<h3>Aufgaben<\/h3>\n<div>\n<p><span>Architektur- und Bauingenieurarbeiten<\/span><\/p>\n<\/div>\n<h2>Fakten und Zahlen<\/h2>\n<ul>\n<li>\n<h3>Bauherrschaft \/ Auftraggeber<\/h3>\n<div>\n<p><span>Jungfraubahn AG und M\u00e4nnlichen Bahn, Grindelwald<\/span><\/p>\n<\/div>\n<\/li>\n<li>\n<h3>Bauzeit \/ Realisierung<\/h3>\n<div>\n<p>2018 &#8211; 2020<\/p>\n<\/div>\n<\/li>\n<li>\n<h3>Investitionskosten in CHF<\/h3>\n<div>\n<p>ca. 270 Mio<\/p>\n<\/div>\n<\/li>\n<\/ul>\n<p><img decoding=\"async\" src=\"\/wp-content\/uploads\/2025\/07\/B206858_by_davidbirri-e1687967774222.jpg\" alt=\"\"><\/p>\n<ul>\n<li>\n<p>        <img decoding=\"async\" src=\"\/wp-content\/uploads\/2025\/07\/B207028_2_by_davidbirri-e1687967687614.jpg\" alt=\"\"><\/p>\n<h3>B207028_2_by_davidbirri-e1687967687614<\/h3>\n<\/li>\n<li>\n<p>        <img decoding=\"async\" src=\"\/wp-content\/uploads\/2025\/07\/B206858_by_davidbirri-e1687967774222.jpg\" alt=\"\"><\/p>\n<h3>B206858_by_davidbirri-e1687967774222<\/h3>\n<\/li>\n<li>\n<p>        <img decoding=\"async\" src=\"\/wp-content\/uploads\/2025\/07\/1209506_by_davidbirri-e1687967423984.jpg\" alt=\"\"><\/p>\n<h3>1209506_by_davidbirri-e1687967423984<\/h3>\n<\/li>\n<li>\n<p>        <img decoding=\"async\" src=\"\/wp-content\/uploads\/2025\/07\/1209425_by_davidbirri.jpg\" alt=\"\"><\/p>\n<h3>1209425_by_davidbirri<\/h3>\n<\/li>\n<li>\n<p>        <img decoding=\"async\" src=\"\/wp-content\/uploads\/2025\/07\/1208713_by_davidbirri-e1687968621539.jpg\" alt=\"\"><\/p>\n<h3>1208713_by_davidbirri-e1687968621539<\/h3>\n<\/li>\n<li>\n<p>        <img decoding=\"async\" src=\"\/wp-content\/uploads\/2025\/07\/1208680_by_davidbirri-e1687968697608.jpg\" alt=\"\"><\/p>\n<h3>1208680_by_davidbirri-e1687968697608<\/h3>\n<\/li>\n<li>\n<p>        <img decoding=\"async\" src=\"\/wp-content\/uploads\/2025\/07\/1208675_by_davidbirri-e1687968736850.jpg\" alt=\"\"><\/p>\n<h3>1208675_by_davidbirri-e1687968736850<\/h3>\n<\/li>\n<li>\n<p>        <img decoding=\"async\" src=\"\/wp-content\/uploads\/2025\/07\/0121378_by_davidbirri-e1687968828808.jpg\" alt=\"\"><\/p>\n<h3>0121378_by_davidbirri-e1687968828808<\/h3>\n<\/li>\n<li>\n<p>        <img decoding=\"async\" src=\"\/wp-content\/uploads\/2025\/07\/0120776_by_davidbirri.jpg\" alt=\"\"><\/p>\n<h3>0120776_by_davidbirri<\/h3>\n<\/li>\n<li>\n<p>        <img decoding=\"async\" src=\"\/wp-content\/uploads\/2025\/07\/0360_by_davidbirri-2.jpg\" alt=\"\"><\/p>\n<h3>0360_by_davidbirri-2<\/h3>\n<\/li>\n<li>\n<p>        <img decoding=\"async\" src=\"\/wp-content\/uploads\/2025\/07\/0340_by_davidbirri.jpg\" alt=\"\"><\/p>\n<h3>0340_by_davidbirri<\/h3>\n<\/li>\n<li>\n<p>        <img decoding=\"async\" src=\"\/wp-content\/uploads\/2025\/07\/B207538_by_davidbirri-e1687967502364.jpg\" alt=\"\"><\/p>\n<\/li>\n<\/ul>\n<hr>\n<h2>Weitere Projekte<\/h2>\n<ul>\n<li>\n<p>        <img decoding=\"async\" src=\"\/wp-content\/uploads\/2025\/07\/Andermatt-03-web.jpg\" alt=\"\"><\/p>\n<h3>Andermatt-03-web<\/h3>\n<\/li>\n<li>\n<p>        <img decoding=\"async\" src=\"\/wp-content\/uploads\/2025\/07\/Neuhuus-Areal_Aussen_Besucher.jpg\" alt=\"\"><\/p>\n<h3>Neuhuus-Areal_Aussen_Besucher<\/h3>\n<\/li>\n<li>\n<p>        <img decoding=\"async\" src=\"\/wp-content\/uploads\/2025\/07\/DSC_3411_SwissDog.jpg\" alt=\"\"><\/p>\n<h3>DSC_3411_SwissDog<\/h3>\n<\/li>\n<\/ul>\n<p><!--more--><br \/>\n<!-- {\"type\":\"layout\",\"children\":[{\"name\":\"Hero\",\"type\":\"section\",\"props\":{\"image\":\"wp-content\\\/uploads\\\/2025\\\/07\\\/0360_by_davidbirri-2.jpg\",\"image_loading\":true,\"image_position\":\"center-center\",\"image_size\":\"cover\",\"image_width\":\"2560\",\"media_background\":\"#fff\",\"media_overlay\":\"rgba(0, 0, 0, 0.34)\",\"padding\":\"large\",\"style\":\"secondary\",\"title_breakpoint\":\"xl\",\"title_position\":\"top-left\",\"title_rotation\":\"left\",\"vertical_align\":\"\",\"width\":\"default\"},\"children\":[{\"type\":\"row\",\"children\":[{\"type\":\"column\",\"props\":{\"image_position\":\"center-center\",\"position_sticky_breakpoint\":\"m\",\"width_medium\":\"1-1\"},\"children\":[{\"type\":\"headline\",\"props\":{\"content\":\"V-Bahn, Grindelwald\",\"margin_remove_top\":true,\"maxwidth\":\"2xlarge\",\"text_align\":\"left\",\"title_element\":\"h1\",\"title_style\":\"heading-small\"}},{\"type\":\"text\",\"props\":{\"column_breakpoint\":\"m\",\"content\":\"Lorem ipsum dolor sit amet, consetetur sadipscing elitr, sed diam nonumy eirmod tempor invidunt ut labore et dolore magna aliquyam erat, sed diam voluptua.\",\"margin\":\"\",\"maxwidth\":\"2xlarge\",\"text_align\":\"left\",\"text_style\":\"lead\"}}]}]}]},{\"name\":\"Challenge\",\"type\":\"section\",\"props\":{\"image_position\":\"center-center\",\"image_size\":\"cover\",\"padding\":\"large\",\"style\":\"default\",\"title_breakpoint\":\"xl\",\"title_position\":\"top-left\",\"title_rotation\":\"left\",\"vertical_align\":\"\",\"width\":\"default\"},\"children\":[{\"type\":\"row\",\"props\":{\"column_gap\":\"large\",\"layout\":\"1-4,1-2,1-4\",\"row_gap\":\"large\"},\"children\":[{\"type\":\"column\",\"props\":{\"image_position\":\"center-center\",\"position_sticky_breakpoint\":\"m\",\"width_medium\":\"1-4\"},\"children\":[{\"type\":\"headline\",\"props\":{\"content\":\"Das Projekt\",\"title_element\":\"h2\"}}]},{\"type\":\"column\",\"props\":{\"image_position\":\"center-center\",\"position_sticky_breakpoint\":\"m\",\"width_medium\":\"1-2\"},\"children\":[{\"type\":\"text\",\"props\":{\"column_breakpoint\":\"m\",\"content\":\"\n\n<p><span>Die BauSpektrum AG ist zusammen mit der Firma von Allmen Architekten AG als Generalplaner mit der Planung der baulichen Elemente des Projekts beauftragt. Wir erstellen: \\u00dcbersicht und Streckenpl\\u00e4ne f\\u00fcr die Gondelbahn M\\u00e4nnlichen und die 3-S Bahn auf den Eigergletscher, Stationspl\\u00e4ne f\\u00fcr Mittel- und Bergstation M\\u00e4nnlichenbahn, Plangenehmigungsverfahren f\\u00fcr die Stationen Rothenegg und Eigergletscher, Projektplanung f\\u00fcr Skipistenkorrektionen, statische Vordimensionierung.<\\\/span><\\\/p>\",\"margin\":\"\"}}]},{\"type\":\"column\",\"props\":{\"image_position\":\"center-center\",\"position_sticky_breakpoint\":\"m\",\"width_medium\":\"1-4\"},\"children\":[{\"type\":\"headline\",\"props\":{\"content\":\"Aufgaben\",\"title_element\":\"h3\",\"title_style\":\"h5\"}},{\"type\":\"text\",\"props\":{\"column_breakpoint\":\"m\",\"content\":\"\n\n<p><span>Architektur- und Bauingenieurarbeiten<\\\/span><\\\/p>\",\"margin\":\"default\"}},{\"type\":\"list\",\"props\":{\"column_breakpoint\":\"m\",\"image_align\":\"left\",\"image_svg_color\":\"emphasis\",\"image_vertical_align\":true,\"list_element\":\"ul\",\"list_horizontal_separator\":\", \",\"list_type\":\"vertical\",\"show_image\":true,\"show_link\":true,\"status\":\"disabled\"},\"children\":[{\"type\":\"list_item\",\"props\":{\"content\":\"Branding\",\"link\":\"?page_id=6\"}},{\"type\":\"list_item\",\"props\":{\"content\":\"Website Design\",\"link\":\"?page_id=6\"}},{\"type\":\"list_item\",\"props\":{\"content\":\"Online Marketing\",\"link\":\"?page_id=6\"}}]}]}]}]},{\"name\":\"Goals\",\"type\":\"section\",\"props\":{\"image_position\":\"center-center\",\"image_size\":\"cover\",\"padding\":\"large\",\"padding_remove_top\":true,\"style\":\"default\",\"title_breakpoint\":\"xl\",\"title_position\":\"top-left\",\"title_rotation\":\"left\",\"vertical_align\":\"\",\"width\":\"default\"},\"children\":[{\"type\":\"row\",\"props\":{\"layout\":\"1-4,1-2,1-4\"},\"children\":[{\"type\":\"column\",\"props\":{\"image_position\":\"center-center\",\"position_sticky_breakpoint\":\"m\",\"width_medium\":\"1-4\"},\"children\":[{\"type\":\"headline\",\"props\":{\"content\":\"Fakten und Zahlen\",\"title_element\":\"h2\"}}]},{\"type\":\"column\",\"props\":{\"image_position\":\"center-center\",\"position_sticky_breakpoint\":\"m\",\"width_medium\":\"1-2\"},\"children\":[{\"type\":\"description_list\",\"props\":{\"column_breakpoint\":\"m\",\"layout\":\"grid-2\",\"list_element\":\"ul\",\"meta_align\":\"below-content\",\"meta_style\":\"text-meta\",\"show_content\":true,\"show_link\":true,\"show_meta\":true,\"show_title\":true,\"title_colon\":true,\"title_element\":\"div\",\"title_grid_column_gap\":\"small\",\"title_grid_row_gap\":\"small\",\"title_grid_width\":\"medium\",\"title_style\":\"text-bold\"},\"children\":[{\"type\":\"description_list_item\",\"props\":{\"content\":\"\n\n<p><span>Jungfraubahn AG und M\\u00e4nnlichen Bahn, Grindelwald<\\\/span><\\\/p>\",\"title\":\"Bauherrschaft \\\/ Auftraggeber\"}},{\"type\":\"description_list_item\",\"props\":{\"content\":\"\n\n<p>2018 - 2020<\\\/p>\",\"title\":\"Bauzeit \\\/ Realisierung\"}},{\"type\":\"description_list_item\",\"props\":{\"content\":\"\n\n<p>ca. 270 Mio<\\\/p>\",\"title\":\"Investitionskosten in CHF\"}}]}]},{\"type\":\"column\",\"props\":{\"image_position\":\"center-center\",\"position_sticky_breakpoint\":\"m\",\"width_medium\":\"1-4\"}}]}]},{\"name\":\"Image\",\"type\":\"section\",\"props\":{\"image_position\":\"center-center\",\"image_size\":\"cover\",\"padding\":\"none\",\"style\":\"default\",\"title_breakpoint\":\"xl\",\"title_position\":\"top-left\",\"title_rotation\":\"left\",\"vertical_align\":\"\",\"width\":\"expand\"},\"children\":[{\"type\":\"row\",\"children\":[{\"type\":\"column\",\"props\":{\"image_position\":\"center-center\",\"position_sticky_breakpoint\":\"m\",\"width_medium\":\"1-1\"},\"children\":[{\"type\":\"image\",\"props\":{\"image\":\"wp-content\\\/uploads\\\/2025\\\/07\\\/B206858_by_davidbirri-e1687967774222.jpg\",\"image_svg_color\":\"emphasis\",\"image_width\":\"1920\",\"margin\":\"default\",\"text_align\":\"center\"}}]}]}]},{\"name\":\"Our approach\",\"type\":\"section\",\"props\":{\"image_position\":\"center-center\",\"image_size\":\"cover\",\"padding\":\"large\",\"status\":\"disabled\",\"style\":\"default\",\"title_breakpoint\":\"xl\",\"title_position\":\"top-left\",\"title_rotation\":\"left\",\"vertical_align\":\"\",\"width\":\"default\"},\"children\":[{\"type\":\"row\",\"children\":[{\"type\":\"column\",\"props\":{\"image_position\":\"center-center\",\"position_sticky_breakpoint\":\"m\",\"width_medium\":\"1-1\"},\"children\":[{\"type\":\"panel\",\"props\":{\"content\":\"Lorem ipsum dolor sit amet, consectetur adipiscing elit, sed do eiusmod tempor incididunt ut labore et dolore magna aliqua. Ut enim ad minim veniam, quis nostrud exercitation ullamco laboris nisi ut aliquip ex ea commodo consequat. Lorem ipsum dolor sit amet, consectetur adipiscing elit, sed do eiusmod tempor incididunt ut labore et dolore magna aliqua. Ut enim ad minim veniam, quis nostrud exercitation ullamco laboris nisi ut aliquip ex ea commodo consequat.\",\"content_column_breakpoint\":\"m\",\"icon_width\":80,\"image\":\"wp-content\\\/uploads\\\/yootheme\\\/casestudy-02.jpg\",\"image_align\":\"right\",\"image_grid_breakpoint\":\"m\",\"image_grid_column_gap\":\"large\",\"image_grid_row_gap\":\"large\",\"image_grid_width\":\"1-2\",\"image_svg_color\":\"emphasis\",\"image_vertical_align\":true,\"image_width\":\"920\",\"link_style\":\"default\",\"link_text\":\"Read more\",\"margin\":\"default\",\"meta\":\"Design and conception for a lifestyle magazine\",\"meta_align\":\"below-title\",\"meta_color\":\"muted\",\"meta_element\":\"div\",\"meta_margin\":\"small\",\"meta_style\":\"\",\"title\":\"Our approach\",\"title_align\":\"top\",\"title_element\":\"h2\",\"title_grid_breakpoint\":\"m\",\"title_grid_width\":\"1-2\",\"title_hover_style\":\"reset\"}}]}]}]},{\"name\":\"Images\",\"type\":\"section\",\"props\":{\"image_position\":\"center-center\",\"image_size\":\"cover\",\"padding_remove_top\":false,\"style\":\"default\",\"title_breakpoint\":\"xl\",\"title_position\":\"top-left\",\"title_rotation\":\"left\",\"vertical_align\":\"\",\"width\":\"default\"},\"children\":[{\"type\":\"row\",\"children\":[{\"type\":\"column\",\"props\":{\"image_position\":\"center-center\",\"position_sticky_breakpoint\":\"m\",\"width_medium\":\"1-1\"},\"children\":[{\"type\":\"gallery\",\"props\":{\"filter_align\":\"left\",\"filter_all\":true,\"filter_grid_breakpoint\":\"m\",\"filter_grid_width\":\"auto\",\"filter_position\":\"top\",\"filter_style\":\"tab\",\"grid_default\":\"3\",\"grid_masonry\":\"pack\",\"grid_medium\":\"\",\"item_animation\":true,\"lightbox_bg_close\":true,\"link_style\":\"default\",\"link_text\":\"Read more\",\"margin\":\"default\",\"meta_align\":\"below-title\",\"meta_element\":\"div\",\"meta_style\":\"text-meta\",\"overlay_hover\":true,\"overlay_mode\":\"cover\",\"overlay_position\":\"center\",\"overlay_style\":\"\",\"overlay_transition\":\"fade\",\"parallax_easing\":\"1\",\"show_content\":true,\"show_hover_image\":true,\"show_hover_video\":true,\"show_link\":true,\"show_meta\":true,\"show_title\":false,\"text_align\":\"center\",\"text_color\":\"light\",\"title_element\":\"h3\",\"title_hover_style\":\"reset\"},\"children\":[{\"type\":\"gallery_item\",\"props\":{\"image\":\"wp-content\\\/uploads\\\/2025\\\/07\\\/B207028_2_by_davidbirri-e1687967687614.jpg\",\"title\":\"B207028_2_by_davidbirri-e1687967687614\"}},{\"type\":\"gallery_item\",\"props\":{\"image\":\"wp-content\\\/uploads\\\/2025\\\/07\\\/B206858_by_davidbirri-e1687967774222.jpg\",\"title\":\"B206858_by_davidbirri-e1687967774222\"}},{\"type\":\"gallery_item\",\"props\":{\"image\":\"wp-content\\\/uploads\\\/2025\\\/07\\\/1209506_by_davidbirri-e1687967423984.jpg\",\"title\":\"1209506_by_davidbirri-e1687967423984\"}},{\"type\":\"gallery_item\",\"props\":{\"image\":\"wp-content\\\/uploads\\\/2025\\\/07\\\/1209425_by_davidbirri.jpg\",\"title\":\"1209425_by_davidbirri\"}},{\"type\":\"gallery_item\",\"props\":{\"image\":\"wp-content\\\/uploads\\\/2025\\\/07\\\/1208713_by_davidbirri-e1687968621539.jpg\",\"title\":\"1208713_by_davidbirri-e1687968621539\"}},{\"type\":\"gallery_item\",\"props\":{\"image\":\"wp-content\\\/uploads\\\/2025\\\/07\\\/1208680_by_davidbirri-e1687968697608.jpg\",\"title\":\"1208680_by_davidbirri-e1687968697608\"}},{\"type\":\"gallery_item\",\"props\":{\"image\":\"wp-content\\\/uploads\\\/2025\\\/07\\\/1208675_by_davidbirri-e1687968736850.jpg\",\"title\":\"1208675_by_davidbirri-e1687968736850\"}},{\"type\":\"gallery_item\",\"props\":{\"image\":\"wp-content\\\/uploads\\\/2025\\\/07\\\/0121378_by_davidbirri-e1687968828808.jpg\",\"title\":\"0121378_by_davidbirri-e1687968828808\"}},{\"type\":\"gallery_item\",\"props\":{\"image\":\"wp-content\\\/uploads\\\/2025\\\/07\\\/0120776_by_davidbirri.jpg\",\"title\":\"0120776_by_davidbirri\"}},{\"type\":\"gallery_item\",\"props\":{\"image\":\"wp-content\\\/uploads\\\/2025\\\/07\\\/0360_by_davidbirri-2.jpg\",\"title\":\"0360_by_davidbirri-2\"}},{\"type\":\"gallery_item\",\"props\":{\"image\":\"wp-content\\\/uploads\\\/2025\\\/07\\\/0340_by_davidbirri.jpg\",\"title\":\"0340_by_davidbirri\"}},{\"type\":\"gallery_item\",\"props\":{\"image\":\"wp-content\\\/uploads\\\/2025\\\/07\\\/B207538_by_davidbirri-e1687967502364.jpg\"}}]}]}]}]},{\"name\":\"Related projects\",\"type\":\"section\",\"props\":{\"image_position\":\"center-center\",\"image_size\":\"cover\",\"padding\":\"small\",\"padding_remove_bottom\":false,\"style\":\"default\",\"title_breakpoint\":\"xl\",\"title_position\":\"top-left\",\"title_rotation\":\"left\",\"vertical_align\":\"\",\"width\":\"default\"},\"children\":[{\"type\":\"row\",\"children\":[{\"type\":\"column\",\"props\":{\"image_position\":\"center-center\",\"position_sticky_breakpoint\":\"m\",\"width_medium\":\"1-1\"},\"children\":[{\"type\":\"divider\",\"props\":{\"divider_element\":\"hr\",\"divider_style\":false,\"margin\":\"medium\"}},{\"type\":\"headline\",\"props\":{\"content\":\"Weitere Projekte\",\"margin\":\"small\",\"title_element\":\"h2\"}},{\"type\":\"gallery\",\"props\":{\"filter_align\":\"left\",\"filter_all\":true,\"filter_grid_breakpoint\":\"m\",\"filter_grid_width\":\"auto\",\"filter_position\":\"top\",\"filter_style\":\"tab\",\"grid_default\":\"1\",\"grid_medium\":\"3\",\"image_height\":600,\"image_width\":900,\"item_animation\":true,\"lightbox_bg_close\":true,\"link_style\":\"default\",\"link_text\":\"Read more\",\"margin\":\"medium\",\"meta_align\":\"below-title\",\"meta_element\":\"div\",\"meta_style\":\"text-meta\",\"overlay_hover\":true,\"overlay_mode\":\"cover\",\"overlay_position\":\"center\",\"overlay_style\":\"\",\"overlay_transition\":\"fade\",\"parallax_easing\":\"1\",\"show_content\":true,\"show_hover_image\":true,\"show_hover_video\":true,\"show_link\":true,\"show_meta\":true,\"show_title\":false,\"text_align\":\"center\",\"text_color\":\"light\",\"title_element\":\"h3\",\"title_hover_style\":\"reset\"},\"children\":[{\"type\":\"gallery_item\",\"props\":{\"image\":\"wp-content\\\/uploads\\\/2025\\\/07\\\/Andermatt-03-web.jpg\",\"title\":\"Andermatt-03-web\"}},{\"type\":\"gallery_item\",\"props\":{\"image\":\"wp-content\\\/uploads\\\/2025\\\/07\\\/Neuhuus-Areal_Aussen_Besucher.jpg\",\"title\":\"Neuhuus-Areal_Aussen_Besucher\"}},{\"type\":\"gallery_item\",\"props\":{\"image\":\"wp-content\\\/uploads\\\/2025\\\/07\\\/DSC_3411_SwissDog.jpg\",\"title\":\"DSC_3411_SwissDog\"}}]}]}]}]}],\"version\":\"4.5.21\"} --><\/p>\n","protected":false},"excerpt":{"rendered":"<p>V-Bahn, Grindelwald Lorem ipsum dolor sit amet, consetetur sadipscing elitr, sed diam nonumy eirmod tempor invidunt ut labore et dolore magna aliquyam erat, sed diam voluptua. Das Projekt Die BauSpektrum AG ist zusammen mit der Firma von Allmen Architekten AG als Generalplaner mit der Planung der baulichen Elemente des Projekts beauftragt. Wir erstellen: \u00dcbersicht und [&hellip;]<\/p>\n","protected":false},"author":1,"featured_media":0,"parent":2,"menu_order":6,"comment_status":"closed","ping_status":"closed","template":"","meta":{"_acf_changed":false,"footnotes":""},"class_list":["post-7","page","type-page","status-publish","hentry"],"acf":[],"_links":{"self":[{"href":"https:\/\/cms-demo.weserve-wp-demo.ch\/en\/wp-json\/wp\/v2\/pages\/7","targetHints":{"allow":["GET"]}}],"collection":[{"href":"https:\/\/cms-demo.weserve-wp-demo.ch\/en\/wp-json\/wp\/v2\/pages"}],"about":[{"href":"https:\/\/cms-demo.weserve-wp-demo.ch\/en\/wp-json\/wp\/v2\/types\/page"}],"author":[{"embeddable":true,"href":"https:\/\/cms-demo.weserve-wp-demo.ch\/en\/wp-json\/wp\/v2\/users\/1"}],"replies":[{"embeddable":true,"href":"https:\/\/cms-demo.weserve-wp-demo.ch\/en\/wp-json\/wp\/v2\/comments?post=7"}],"version-history":[{"count":10,"href":"https:\/\/cms-demo.weserve-wp-demo.ch\/en\/wp-json\/wp\/v2\/pages\/7\/revisions"}],"predecessor-version":[{"id":2155,"href":"https:\/\/cms-demo.weserve-wp-demo.ch\/en\/wp-json\/wp\/v2\/pages\/7\/revisions\/2155"}],"up":[{"embeddable":true,"href":"https:\/\/cms-demo.weserve-wp-demo.ch\/en\/wp-json\/wp\/v2\/pages\/2"}],"wp:attachment":[{"href":"https:\/\/cms-demo.weserve-wp-demo.ch\/en\/wp-json\/wp\/v2\/media?parent=7"}],"curies":[{"name":"wp","href":"https:\/\/api.w.org\/{rel}","templated":true}]}}